{"id":209,"date":"2024-05-14T15:07:45","date_gmt":"2024-05-14T15:07:45","guid":{"rendered":"https:\/\/zjkxm.wpdevsite.co\/?post_type=product&#038;p=209"},"modified":"2024-10-09T17:03:38","modified_gmt":"2024-10-09T15:03:38","slug":"semi-permanent-hair-pigment-powder-50ml","status":"publish","type":"product","link":"https:\/\/zjkxm.wpdevsite.co\/index.php\/product\/semi-permanent-hair-pigment-powder-50ml\/","title":{"rendered":"semi.permanent hair pigment powder &#8211; 50ml bottle"},"content":{"rendered":"<p>Add some vibrant color into your life, semi &#8211; permanent pigment dye is all the craze , get your own unique look, welcome to the future!<\/p>\n<p>In the playful realm of hair colour, semi-permanent hair pigment powder is the reigning champion of change, creativity, and carefree colour exploration. It offers a commitment-free playground for the daring and the curious, for those who seek the thrill of transformation without the permanence. So, whether you&#8217;re looking to dip your toes into a sea of turquoise tides or to dash through a rose-tinted world, semi-permanent pigment powders invite you to indulge in your chromatic curiosities. Embrace the powder power, and let your hair live out loud \u00d4\u00c7\u00f4 because colour!<\/p>\n<p>Features:<br \/>\n&#8211; Multiple applications<br \/>\n&#8211; Non-toxic<br \/>\n&#8211; Ingredients: Starch of tapioca\/maize and coloured coal tar dyes<br \/>\n&#8211; Use your own conditioner to apply, sulfate free is always best.<br \/>\n&#8211; No heat activation is required.<br \/>\n&#8211; You can apply the colour over previous colour without lifting again.<br \/>\n&#8211; Our pigment hair colour can be mixed with permanent tints to create a more vibrant effect &#8211; e.g. Blue mixed with a black blue tint gives a nicer blue shine<br \/>\n&#8211; New colour shades can be achieved by layering.<\/p>\n<p>Instructions:<br \/>\n&#8211; Add the powder to Shampoo\/Conditioner or water, 1-1 ratio. (More Pigment Powder &#8211; Brighter Colour)<br \/>\n&#8211; Apply to highlighted\/bleached hair (towel-dried), with a brush or your hands (gloves recommended)<br \/>\n&#8211; Develop for 30-45 minutes<br \/>\n&#8211; Rinse until water runs clear, Wash with sulfate free shampoo and conditioner<br \/>\n&#8211; A colour lock can be applied to lock in the colour<br \/>\n&#8211; Style as usual<\/p>\n","protected":false},"excerpt":{"rendered":"<p>a 50ml bottle of semi.permanent hair colour powder.<\/p>\n","protected":false},"featured_media":225,"comment_status":"open","ping_status":"closed","template":"","meta":{"_kad_post_transparent":"default","_kad_post_title":"","_kad_post_layout":"default","_kad_post_sidebar_id":"","_kad_post_content_style":"default","_kad_post_vertical_padding":"default","_kad_post_feature":"","_kad_post_feature_position":"","_kad_post_header":false,"_kad_post_footer":false,"_kad_post_classname":""},"product_brand":[],"product_cat":[18],"product_tag":[25,24,26,21,27,23,28,22],"class_list":{"0":"post-209","1":"product","2":"type-product","3":"status-publish","4":"has-post-thumbnail","6":"product_cat-small-bottle","7":"product_tag-50ml","8":"product_tag-bleached-hair","9":"product_tag-chemical-free","10":"product_tag-colourful-hair","11":"product_tag-damage-free","12":"product_tag-hair-colour-powder","13":"product_tag-rainbow-colours","14":"product_tag-semi-permanent","16":"first","17":"instock","18":"purchasable","19":"product-type-variable","20":"entry","21":"content-bg","22":"loop-entry"},"yoast_head":"<!-- This site is optimized with the Yoast SEO plugin v26.9 - https:\/\/yoast.com\/product\/yoast-seo-wordpress\/ -->\n<title>semi.permanent hair pigment powder - 50ml bottle - i.colour.me<\/title>\n<meta name=\"description\" content=\"a vibrant and colourful range of semi-permanent hair colour pigments. Non-toxic, vegan and cruelty-free, because colour!\" \/>\n<meta name=\"robots\" content=\"index, follow, max-snippet:-1, max-image-preview:large, max-video-preview:-1\" \/>\n<link rel=\"canonical\" href=\"https:\/\/zjkxm.wpdevsite.co\/index.php\/product\/semi-permanent-hair-pigment-powder-50ml\/\" \/>\n<meta property=\"og:locale\" content=\"en_US\" \/>\n<meta property=\"og:type\" content=\"article\" \/>\n<meta property=\"og:title\" content=\"semi.permanent hair pigment powder - 50ml bottle - i.colour.me\" \/>\n<meta property=\"og:description\" content=\"a vibrant and colourful range of semi-permanent hair colour pigments. Non-toxic, vegan and cruelty-free, because colour!\" \/>\n<meta property=\"og:url\" content=\"https:\/\/zjkxm.wpdevsite.co\/index.php\/product\/semi-permanent-hair-pigment-powder-50ml\/\" \/>\n<meta property=\"og:site_name\" content=\"i.colour.me\" \/>\n<meta property=\"article:modified_time\" content=\"2024-10-09T15:03:38+00:00\" \/>\n<meta property=\"og:image\" content=\"https:\/\/zjkxm.wpdevsite.co\/wp-content\/uploads\/2024\/05\/multi50ml.jpg\" \/>\n\t<meta property=\"og:image:width\" content=\"1200\" \/>\n\t<meta property=\"og:image:height\" content=\"1200\" \/>\n\t<meta property=\"og:image:type\" content=\"image\/jpeg\" \/>\n<meta name=\"twitter:card\" content=\"summary_large_image\" \/>\n<meta name=\"twitter:label1\" content=\"Est. reading time\" \/>\n\t<meta name=\"twitter:data1\" content=\"2 minutes\" \/>\n<script type=\"application\/ld+json\" class=\"yoast-schema-graph\">{\"@context\":\"https:\/\/schema.org\",\"@graph\":[{\"@type\":\"WebPage\",\"@id\":\"https:\/\/zjkxm.wpdevsite.co\/index.php\/product\/semi-permanent-hair-pigment-powder-50ml\/\",\"url\":\"https:\/\/zjkxm.wpdevsite.co\/index.php\/product\/semi-permanent-hair-pigment-powder-50ml\/\",\"name\":\"semi.permanent hair pigment powder - 50ml bottle - i.colour.me\",\"isPartOf\":{\"@id\":\"https:\/\/zjkxm.wpdevsite.co\/#website\"},\"primaryImageOfPage\":{\"@id\":\"https:\/\/zjkxm.wpdevsite.co\/index.php\/product\/semi-permanent-hair-pigment-powder-50ml\/#primaryimage\"},\"image\":{\"@id\":\"https:\/\/zjkxm.wpdevsite.co\/index.php\/product\/semi-permanent-hair-pigment-powder-50ml\/#primaryimage\"},\"thumbnailUrl\":\"https:\/\/zjkxm.wpdevsite.co\/wp-content\/uploads\/2024\/05\/multi50ml.jpg\",\"datePublished\":\"2024-05-14T15:07:45+00:00\",\"dateModified\":\"2024-10-09T15:03:38+00:00\",\"description\":\"a vibrant and colourful range of semi-permanent hair colour pigments. Non-toxic, vegan and cruelty-free, because colour!\",\"breadcrumb\":{\"@id\":\"https:\/\/zjkxm.wpdevsite.co\/index.php\/product\/semi-permanent-hair-pigment-powder-50ml\/#breadcrumb\"},\"inLanguage\":\"en-ZA\",\"potentialAction\":[{\"@type\":\"ReadAction\",\"target\":[\"https:\/\/zjkxm.wpdevsite.co\/index.php\/product\/semi-permanent-hair-pigment-powder-50ml\/\"]}]},{\"@type\":\"ImageObject\",\"inLanguage\":\"en-ZA\",\"@id\":\"https:\/\/zjkxm.wpdevsite.co\/index.php\/product\/semi-permanent-hair-pigment-powder-50ml\/#primaryimage\",\"url\":\"https:\/\/zjkxm.wpdevsite.co\/wp-content\/uploads\/2024\/05\/multi50ml.jpg\",\"contentUrl\":\"https:\/\/zjkxm.wpdevsite.co\/wp-content\/uploads\/2024\/05\/multi50ml.jpg\",\"width\":1200,\"height\":1200,\"caption\":\"multi 50ml bottles\"},{\"@type\":\"BreadcrumbList\",\"@id\":\"https:\/\/zjkxm.wpdevsite.co\/index.php\/product\/semi-permanent-hair-pigment-powder-50ml\/#breadcrumb\",\"itemListElement\":[{\"@type\":\"ListItem\",\"position\":1,\"name\":\"Home\",\"item\":\"https:\/\/zjkxm.wpdevsite.co\/\"},{\"@type\":\"ListItem\",\"position\":2,\"name\":\"Shop\",\"item\":\"https:\/\/zjkxm.wpdevsite.co\/index.php\/shop\/\"},{\"@type\":\"ListItem\",\"position\":3,\"name\":\"semi.permanent hair pigment powder &#8211; 50ml bottle\"}]},{\"@type\":\"WebSite\",\"@id\":\"https:\/\/zjkxm.wpdevsite.co\/#website\",\"url\":\"https:\/\/zjkxm.wpdevsite.co\/\",\"name\":\"i.colour.me\",\"description\":\"because colour!\",\"publisher\":{\"@id\":\"https:\/\/zjkxm.wpdevsite.co\/#organization\"},\"potentialAction\":[{\"@type\":\"SearchAction\",\"target\":{\"@type\":\"EntryPoint\",\"urlTemplate\":\"https:\/\/zjkxm.wpdevsite.co\/?s={search_term_string}\"},\"query-input\":{\"@type\":\"PropertyValueSpecification\",\"valueRequired\":true,\"valueName\":\"search_term_string\"}}],\"inLanguage\":\"en-ZA\"},{\"@type\":\"Organization\",\"@id\":\"https:\/\/zjkxm.wpdevsite.co\/#organization\",\"name\":\"i.colour.me\",\"url\":\"https:\/\/zjkxm.wpdevsite.co\/\",\"logo\":{\"@type\":\"ImageObject\",\"inLanguage\":\"en-ZA\",\"@id\":\"https:\/\/zjkxm.wpdevsite.co\/#\/schema\/logo\/image\/\",\"url\":\"https:\/\/zjkxm.wpdevsite.co\/wp-content\/uploads\/2024\/04\/cropped-logo.png\",\"contentUrl\":\"https:\/\/zjkxm.wpdevsite.co\/wp-content\/uploads\/2024\/04\/cropped-logo.png\",\"width\":1102,\"height\":250,\"caption\":\"i.colour.me\"},\"image\":{\"@id\":\"https:\/\/zjkxm.wpdevsite.co\/#\/schema\/logo\/image\/\"}}]}<\/script>\n<!-- \/ Yoast SEO plugin. -->","yoast_head_json":{"title":"semi.permanent hair pigment powder - 50ml bottle - i.colour.me","description":"a vibrant and colourful range of semi-permanent hair colour pigments. Non-toxic, vegan and cruelty-free, because colour!","robots":{"index":"index","follow":"follow","max-snippet":"max-snippet:-1","max-image-preview":"max-image-preview:large","max-video-preview":"max-video-preview:-1"},"canonical":"https:\/\/zjkxm.wpdevsite.co\/index.php\/product\/semi-permanent-hair-pigment-powder-50ml\/","og_locale":"en_US","og_type":"article","og_title":"semi.permanent hair pigment powder - 50ml bottle - i.colour.me","og_description":"a vibrant and colourful range of semi-permanent hair colour pigments. Non-toxic, vegan and cruelty-free, because colour!","og_url":"https:\/\/zjkxm.wpdevsite.co\/index.php\/product\/semi-permanent-hair-pigment-powder-50ml\/","og_site_name":"i.colour.me","article_modified_time":"2024-10-09T15:03:38+00:00","og_image":[{"width":1200,"height":1200,"url":"https:\/\/zjkxm.wpdevsite.co\/wp-content\/uploads\/2024\/05\/multi50ml.jpg","type":"image\/jpeg"}],"twitter_card":"summary_large_image","twitter_misc":{"Est. reading time":"2 minutes"},"schema":{"@context":"https:\/\/schema.org","@graph":[{"@type":"WebPage","@id":"https:\/\/zjkxm.wpdevsite.co\/index.php\/product\/semi-permanent-hair-pigment-powder-50ml\/","url":"https:\/\/zjkxm.wpdevsite.co\/index.php\/product\/semi-permanent-hair-pigment-powder-50ml\/","name":"semi.permanent hair pigment powder - 50ml bottle - i.colour.me","isPartOf":{"@id":"https:\/\/zjkxm.wpdevsite.co\/#website"},"primaryImageOfPage":{"@id":"https:\/\/zjkxm.wpdevsite.co\/index.php\/product\/semi-permanent-hair-pigment-powder-50ml\/#primaryimage"},"image":{"@id":"https:\/\/zjkxm.wpdevsite.co\/index.php\/product\/semi-permanent-hair-pigment-powder-50ml\/#primaryimage"},"thumbnailUrl":"https:\/\/zjkxm.wpdevsite.co\/wp-content\/uploads\/2024\/05\/multi50ml.jpg","datePublished":"2024-05-14T15:07:45+00:00","dateModified":"2024-10-09T15:03:38+00:00","description":"a vibrant and colourful range of semi-permanent hair colour pigments. Non-toxic, vegan and cruelty-free, because colour!","breadcrumb":{"@id":"https:\/\/zjkxm.wpdevsite.co\/index.php\/product\/semi-permanent-hair-pigment-powder-50ml\/#breadcrumb"},"inLanguage":"en-ZA","potentialAction":[{"@type":"ReadAction","target":["https:\/\/zjkxm.wpdevsite.co\/index.php\/product\/semi-permanent-hair-pigment-powder-50ml\/"]}]},{"@type":"ImageObject","inLanguage":"en-ZA","@id":"https:\/\/zjkxm.wpdevsite.co\/index.php\/product\/semi-permanent-hair-pigment-powder-50ml\/#primaryimage","url":"https:\/\/zjkxm.wpdevsite.co\/wp-content\/uploads\/2024\/05\/multi50ml.jpg","contentUrl":"https:\/\/zjkxm.wpdevsite.co\/wp-content\/uploads\/2024\/05\/multi50ml.jpg","width":1200,"height":1200,"caption":"multi 50ml bottles"},{"@type":"BreadcrumbList","@id":"https:\/\/zjkxm.wpdevsite.co\/index.php\/product\/semi-permanent-hair-pigment-powder-50ml\/#breadcrumb","itemListElement":[{"@type":"ListItem","position":1,"name":"Home","item":"https:\/\/zjkxm.wpdevsite.co\/"},{"@type":"ListItem","position":2,"name":"Shop","item":"https:\/\/zjkxm.wpdevsite.co\/index.php\/shop\/"},{"@type":"ListItem","position":3,"name":"semi.permanent hair pigment powder &#8211; 50ml bottle"}]},{"@type":"WebSite","@id":"https:\/\/zjkxm.wpdevsite.co\/#website","url":"https:\/\/zjkxm.wpdevsite.co\/","name":"i.colour.me","description":"because colour!","publisher":{"@id":"https:\/\/zjkxm.wpdevsite.co\/#organization"},"potentialAction":[{"@type":"SearchAction","target":{"@type":"EntryPoint","urlTemplate":"https:\/\/zjkxm.wpdevsite.co\/?s={search_term_string}"},"query-input":{"@type":"PropertyValueSpecification","valueRequired":true,"valueName":"search_term_string"}}],"inLanguage":"en-ZA"},{"@type":"Organization","@id":"https:\/\/zjkxm.wpdevsite.co\/#organization","name":"i.colour.me","url":"https:\/\/zjkxm.wpdevsite.co\/","logo":{"@type":"ImageObject","inLanguage":"en-ZA","@id":"https:\/\/zjkxm.wpdevsite.co\/#\/schema\/logo\/image\/","url":"https:\/\/zjkxm.wpdevsite.co\/wp-content\/uploads\/2024\/04\/cropped-logo.png","contentUrl":"https:\/\/zjkxm.wpdevsite.co\/wp-content\/uploads\/2024\/04\/cropped-logo.png","width":1102,"height":250,"caption":"i.colour.me"},"image":{"@id":"https:\/\/zjkxm.wpdevsite.co\/#\/schema\/logo\/image\/"}}]}},"_links":{"self":[{"href":"https:\/\/zjkxm.wpdevsite.co\/index.php\/wp-json\/wp\/v2\/product\/209","targetHints":{"allow":["GET"]}}],"collection":[{"href":"https:\/\/zjkxm.wpdevsite.co\/index.php\/wp-json\/wp\/v2\/product"}],"about":[{"href":"https:\/\/zjkxm.wpdevsite.co\/index.php\/wp-json\/wp\/v2\/types\/product"}],"replies":[{"embeddable":true,"href":"https:\/\/zjkxm.wpdevsite.co\/index.php\/wp-json\/wp\/v2\/comments?post=209"}],"wp:featuredmedia":[{"embeddable":true,"href":"https:\/\/zjkxm.wpdevsite.co\/index.php\/wp-json\/wp\/v2\/media\/225"}],"wp:attachment":[{"href":"https:\/\/zjkxm.wpdevsite.co\/index.php\/wp-json\/wp\/v2\/media?parent=209"}],"wp:term":[{"taxonomy":"product_brand","embeddable":true,"href":"https:\/\/zjkxm.wpdevsite.co\/index.php\/wp-json\/wp\/v2\/product_brand?post=209"},{"taxonomy":"product_cat","embeddable":true,"href":"https:\/\/zjkxm.wpdevsite.co\/index.php\/wp-json\/wp\/v2\/product_cat?post=209"},{"taxonomy":"product_tag","embeddable":true,"href":"https:\/\/zjkxm.wpdevsite.co\/index.php\/wp-json\/wp\/v2\/product_tag?post=209"}],"curies":[{"name":"wp","href":"https:\/\/api.w.org\/{rel}","templated":true}]}}