{"id":431,"date":"2024-08-12T17:25:55","date_gmt":"2024-08-12T15:25:55","guid":{"rendered":"https:\/\/zjkxm.wpdevsite.co\/?post_type=product&#038;p=431"},"modified":"2025-04-09T15:12:35","modified_gmt":"2025-04-09T13:12:35","slug":"semi-permanent-hair-pigment-powder-pack-of-4-x-150ml-mixed-2","status":"publish","type":"product","link":"https:\/\/zjkxm.wpdevsite.co\/index.php\/product\/semi-permanent-hair-pigment-powder-pack-of-4-x-150ml-mixed-2\/","title":{"rendered":"semi.permanent hair pigment powder &#8211; pack of 4 X 150ml &#8211; mixed"},"content":{"rendered":"<p>Priced for redistribution, order in packs of 4 with mixed colours.<\/p>\n<p>Add some vibrant color into your life, semi &#8211; permanent pigment dye is all the craze , get your own unique look, welcome to the future!<\/p>\n<p>In the playful realm of hair colour, semi-permanent hair pigment powder is the reigning champion of change, creativity, and carefree colour exploration. It offers a commitment-free playground for the daring and the curious, for those who seek the thrill of transformation without the permanence. So, whether you&#8217;re looking to dip your toes into a sea of turquoise tides or to dash through a rose-tinted world, semi-permanent pigment powders invite you to indulge in your chromatic curiosities. Embrace the powder power, and let your hair live out loud \u00d4\u00c7\u00f4 because life is too short for boring hair!<\/p>\n<p>Features:<br \/>\n&#8211; Multiple applications<br \/>\n&#8211; Non-toxic<br \/>\n&#8211; Ingredients: Starch of tapioca\/maize and coloured coal tar dyes<br \/>\n&#8211; Use your own conditioner to apply<br \/>\n&#8211; No heat activation is required<br \/>\n&#8211; You can apply the colour over previous colour without lifting again, when clarified.<br \/>\n&#8211; Our pigment hair colour can be mixed with permanent tints to create a more vibrant effect &#8211; e.g. Blue mixed with a black blue tint gives a nicer blue shine<br \/>\n&#8211; New colour shades can be achieved by layering<\/p>\n<p>Instructions:<br \/>\n&#8211; Add the powder to Shampoo\/Conditioner or water, 1-1 ratio. (More Pigment Powder &#8211; Brighter Colour)<br \/>\n&#8211; Apply to highlighted\/bleached hair (towel-dried), with a brush or your hands (gloves recommended)<br \/>\n&#8211; Develop for 30-45 minutes<br \/>\n&#8211; Rinse until water runs clear, Wash with sulfate free shampoo and conditioner<br \/>\n&#8211; A colour lock can be applied to lock in the colour<br \/>\n&#8211; Style as usual<\/p>\n","protected":false},"excerpt":{"rendered":"<p>choose a mix of 4 colours for your box of\u252c\u00e1<span style=\"font-family: var(--global-body-font-family);\">150ml<\/span> <span style=\"font-family: var(--global-body-font-family);\">i.colour.me <\/span><span style=\"font-family: var(--global-body-font-family);\">tubs<\/span><span style=\"font-family: var(--global-body-font-family);\">.<\/span><\/p>\n","protected":false},"featured_media":552,"comment_status":"open","ping_status":"closed","template":"","meta":{"_kad_post_transparent":"default","_kad_post_title":"","_kad_post_layout":"default","_kad_post_sidebar_id":"","_kad_post_content_style":"default","_kad_post_vertical_padding":"default","_kad_post_feature":"","_kad_post_feature_position":"","_kad_post_header":false,"_kad_post_footer":false,"_kad_post_classname":""},"product_brand":[],"product_cat":[19],"product_tag":[21,23,28,22],"class_list":{"0":"post-431","1":"product","2":"type-product","3":"status-publish","4":"has-post-thumbnail","6":"product_cat-big-tub","7":"product_tag-colourful-hair","8":"product_tag-hair-colour-powder","9":"product_tag-rainbow-colours","10":"product_tag-semi-permanent","12":"first","13":"instock","14":"purchasable","15":"product-type-composite","16":"entry","17":"content-bg","18":"loop-entry"},"yoast_head":"<!-- This site is optimized with the Yoast SEO plugin v26.9 - https:\/\/yoast.com\/product\/yoast-seo-wordpress\/ -->\n<title>semi.permanent hair pigment powder - pack of 4 X 150ml - mixed - i.colour.me<\/title>\n<meta name=\"description\" content=\"a pack of 4 i.colour.me semi-permanent hair pigment powder 150ml tubs.\" \/>\n<meta name=\"robots\" content=\"index, follow, max-snippet:-1, max-image-preview:large, max-video-preview:-1\" \/>\n<link rel=\"canonical\" href=\"https:\/\/zjkxm.wpdevsite.co\/index.php\/product\/semi-permanent-hair-pigment-powder-pack-of-4-x-150ml-mixed-2\/\" \/>\n<meta property=\"og:locale\" content=\"en_US\" \/>\n<meta property=\"og:type\" content=\"article\" \/>\n<meta property=\"og:title\" content=\"semi.permanent hair pigment powder - pack of 4 X 150ml - mixed - i.colour.me\" \/>\n<meta property=\"og:description\" content=\"a pack of 4 i.colour.me semi-permanent hair pigment powder 150ml tubs.\" \/>\n<meta property=\"og:url\" content=\"https:\/\/zjkxm.wpdevsite.co\/index.php\/product\/semi-permanent-hair-pigment-powder-pack-of-4-x-150ml-mixed-2\/\" \/>\n<meta property=\"og:site_name\" content=\"i.colour.me\" \/>\n<meta property=\"article:modified_time\" content=\"2025-04-09T13:12:35+00:00\" \/>\n<meta property=\"og:image\" content=\"https:\/\/zjkxm.wpdevsite.co\/wp-content\/uploads\/2024\/08\/4-x-150ml-box-.jpg\" \/>\n\t<meta property=\"og:image:width\" content=\"1200\" \/>\n\t<meta property=\"og:image:height\" content=\"1200\" \/>\n\t<meta property=\"og:image:type\" content=\"image\/jpeg\" \/>\n<meta name=\"twitter:card\" content=\"summary_large_image\" \/>\n<meta name=\"twitter:label1\" content=\"Est. reading time\" \/>\n\t<meta name=\"twitter:data1\" content=\"2 minutes\" \/>\n<script type=\"application\/ld+json\" class=\"yoast-schema-graph\">{\"@context\":\"https:\/\/schema.org\",\"@graph\":[{\"@type\":\"WebPage\",\"@id\":\"https:\/\/zjkxm.wpdevsite.co\/index.php\/product\/semi-permanent-hair-pigment-powder-pack-of-4-x-150ml-mixed-2\/\",\"url\":\"https:\/\/zjkxm.wpdevsite.co\/index.php\/product\/semi-permanent-hair-pigment-powder-pack-of-4-x-150ml-mixed-2\/\",\"name\":\"semi.permanent hair pigment powder - pack of 4 X 150ml - mixed - i.colour.me\",\"isPartOf\":{\"@id\":\"https:\/\/zjkxm.wpdevsite.co\/#website\"},\"primaryImageOfPage\":{\"@id\":\"https:\/\/zjkxm.wpdevsite.co\/index.php\/product\/semi-permanent-hair-pigment-powder-pack-of-4-x-150ml-mixed-2\/#primaryimage\"},\"image\":{\"@id\":\"https:\/\/zjkxm.wpdevsite.co\/index.php\/product\/semi-permanent-hair-pigment-powder-pack-of-4-x-150ml-mixed-2\/#primaryimage\"},\"thumbnailUrl\":\"https:\/\/zjkxm.wpdevsite.co\/wp-content\/uploads\/2024\/08\/4-x-150ml-box-.jpg\",\"datePublished\":\"2024-08-12T15:25:55+00:00\",\"dateModified\":\"2025-04-09T13:12:35+00:00\",\"description\":\"a pack of 4 i.colour.me semi-permanent hair pigment powder 150ml tubs.\",\"breadcrumb\":{\"@id\":\"https:\/\/zjkxm.wpdevsite.co\/index.php\/product\/semi-permanent-hair-pigment-powder-pack-of-4-x-150ml-mixed-2\/#breadcrumb\"},\"inLanguage\":\"en-ZA\",\"potentialAction\":[{\"@type\":\"ReadAction\",\"target\":[\"https:\/\/zjkxm.wpdevsite.co\/index.php\/product\/semi-permanent-hair-pigment-powder-pack-of-4-x-150ml-mixed-2\/\"]}]},{\"@type\":\"ImageObject\",\"inLanguage\":\"en-ZA\",\"@id\":\"https:\/\/zjkxm.wpdevsite.co\/index.php\/product\/semi-permanent-hair-pigment-powder-pack-of-4-x-150ml-mixed-2\/#primaryimage\",\"url\":\"https:\/\/zjkxm.wpdevsite.co\/wp-content\/uploads\/2024\/08\/4-x-150ml-box-.jpg\",\"contentUrl\":\"https:\/\/zjkxm.wpdevsite.co\/wp-content\/uploads\/2024\/08\/4-x-150ml-box-.jpg\",\"width\":1200,\"height\":1200,\"caption\":\"i.colour.me - box of 4 x 150ml\"},{\"@type\":\"BreadcrumbList\",\"@id\":\"https:\/\/zjkxm.wpdevsite.co\/index.php\/product\/semi-permanent-hair-pigment-powder-pack-of-4-x-150ml-mixed-2\/#breadcrumb\",\"itemListElement\":[{\"@type\":\"ListItem\",\"position\":1,\"name\":\"Home\",\"item\":\"https:\/\/zjkxm.wpdevsite.co\/\"},{\"@type\":\"ListItem\",\"position\":2,\"name\":\"Shop\",\"item\":\"https:\/\/zjkxm.wpdevsite.co\/index.php\/shop\/\"},{\"@type\":\"ListItem\",\"position\":3,\"name\":\"semi.permanent hair pigment powder &#8211; pack of 4 X 150ml &#8211; mixed\"}]},{\"@type\":\"WebSite\",\"@id\":\"https:\/\/zjkxm.wpdevsite.co\/#website\",\"url\":\"https:\/\/zjkxm.wpdevsite.co\/\",\"name\":\"i.colour.me\",\"description\":\"because colour!\",\"publisher\":{\"@id\":\"https:\/\/zjkxm.wpdevsite.co\/#organization\"},\"potentialAction\":[{\"@type\":\"SearchAction\",\"target\":{\"@type\":\"EntryPoint\",\"urlTemplate\":\"https:\/\/zjkxm.wpdevsite.co\/?s={search_term_string}\"},\"query-input\":{\"@type\":\"PropertyValueSpecification\",\"valueRequired\":true,\"valueName\":\"search_term_string\"}}],\"inLanguage\":\"en-ZA\"},{\"@type\":\"Organization\",\"@id\":\"https:\/\/zjkxm.wpdevsite.co\/#organization\",\"name\":\"i.colour.me\",\"url\":\"https:\/\/zjkxm.wpdevsite.co\/\",\"logo\":{\"@type\":\"ImageObject\",\"inLanguage\":\"en-ZA\",\"@id\":\"https:\/\/zjkxm.wpdevsite.co\/#\/schema\/logo\/image\/\",\"url\":\"https:\/\/zjkxm.wpdevsite.co\/wp-content\/uploads\/2024\/04\/cropped-logo.png\",\"contentUrl\":\"https:\/\/zjkxm.wpdevsite.co\/wp-content\/uploads\/2024\/04\/cropped-logo.png\",\"width\":1102,\"height\":250,\"caption\":\"i.colour.me\"},\"image\":{\"@id\":\"https:\/\/zjkxm.wpdevsite.co\/#\/schema\/logo\/image\/\"}}]}<\/script>\n<!-- \/ Yoast SEO plugin. -->","yoast_head_json":{"title":"semi.permanent hair pigment powder - pack of 4 X 150ml - mixed - i.colour.me","description":"a pack of 4 i.colour.me semi-permanent hair pigment powder 150ml tubs.","robots":{"index":"index","follow":"follow","max-snippet":"max-snippet:-1","max-image-preview":"max-image-preview:large","max-video-preview":"max-video-preview:-1"},"canonical":"https:\/\/zjkxm.wpdevsite.co\/index.php\/product\/semi-permanent-hair-pigment-powder-pack-of-4-x-150ml-mixed-2\/","og_locale":"en_US","og_type":"article","og_title":"semi.permanent hair pigment powder - pack of 4 X 150ml - mixed - i.colour.me","og_description":"a pack of 4 i.colour.me semi-permanent hair pigment powder 150ml tubs.","og_url":"https:\/\/zjkxm.wpdevsite.co\/index.php\/product\/semi-permanent-hair-pigment-powder-pack-of-4-x-150ml-mixed-2\/","og_site_name":"i.colour.me","article_modified_time":"2025-04-09T13:12:35+00:00","og_image":[{"width":1200,"height":1200,"url":"https:\/\/zjkxm.wpdevsite.co\/wp-content\/uploads\/2024\/08\/4-x-150ml-box-.jpg","type":"image\/jpeg"}],"twitter_card":"summary_large_image","twitter_misc":{"Est. reading time":"2 minutes"},"schema":{"@context":"https:\/\/schema.org","@graph":[{"@type":"WebPage","@id":"https:\/\/zjkxm.wpdevsite.co\/index.php\/product\/semi-permanent-hair-pigment-powder-pack-of-4-x-150ml-mixed-2\/","url":"https:\/\/zjkxm.wpdevsite.co\/index.php\/product\/semi-permanent-hair-pigment-powder-pack-of-4-x-150ml-mixed-2\/","name":"semi.permanent hair pigment powder - pack of 4 X 150ml - mixed - i.colour.me","isPartOf":{"@id":"https:\/\/zjkxm.wpdevsite.co\/#website"},"primaryImageOfPage":{"@id":"https:\/\/zjkxm.wpdevsite.co\/index.php\/product\/semi-permanent-hair-pigment-powder-pack-of-4-x-150ml-mixed-2\/#primaryimage"},"image":{"@id":"https:\/\/zjkxm.wpdevsite.co\/index.php\/product\/semi-permanent-hair-pigment-powder-pack-of-4-x-150ml-mixed-2\/#primaryimage"},"thumbnailUrl":"https:\/\/zjkxm.wpdevsite.co\/wp-content\/uploads\/2024\/08\/4-x-150ml-box-.jpg","datePublished":"2024-08-12T15:25:55+00:00","dateModified":"2025-04-09T13:12:35+00:00","description":"a pack of 4 i.colour.me semi-permanent hair pigment powder 150ml tubs.","breadcrumb":{"@id":"https:\/\/zjkxm.wpdevsite.co\/index.php\/product\/semi-permanent-hair-pigment-powder-pack-of-4-x-150ml-mixed-2\/#breadcrumb"},"inLanguage":"en-ZA","potentialAction":[{"@type":"ReadAction","target":["https:\/\/zjkxm.wpdevsite.co\/index.php\/product\/semi-permanent-hair-pigment-powder-pack-of-4-x-150ml-mixed-2\/"]}]},{"@type":"ImageObject","inLanguage":"en-ZA","@id":"https:\/\/zjkxm.wpdevsite.co\/index.php\/product\/semi-permanent-hair-pigment-powder-pack-of-4-x-150ml-mixed-2\/#primaryimage","url":"https:\/\/zjkxm.wpdevsite.co\/wp-content\/uploads\/2024\/08\/4-x-150ml-box-.jpg","contentUrl":"https:\/\/zjkxm.wpdevsite.co\/wp-content\/uploads\/2024\/08\/4-x-150ml-box-.jpg","width":1200,"height":1200,"caption":"i.colour.me - box of 4 x 150ml"},{"@type":"BreadcrumbList","@id":"https:\/\/zjkxm.wpdevsite.co\/index.php\/product\/semi-permanent-hair-pigment-powder-pack-of-4-x-150ml-mixed-2\/#breadcrumb","itemListElement":[{"@type":"ListItem","position":1,"name":"Home","item":"https:\/\/zjkxm.wpdevsite.co\/"},{"@type":"ListItem","position":2,"name":"Shop","item":"https:\/\/zjkxm.wpdevsite.co\/index.php\/shop\/"},{"@type":"ListItem","position":3,"name":"semi.permanent hair pigment powder &#8211; pack of 4 X 150ml &#8211; mixed"}]},{"@type":"WebSite","@id":"https:\/\/zjkxm.wpdevsite.co\/#website","url":"https:\/\/zjkxm.wpdevsite.co\/","name":"i.colour.me","description":"because colour!","publisher":{"@id":"https:\/\/zjkxm.wpdevsite.co\/#organization"},"potentialAction":[{"@type":"SearchAction","target":{"@type":"EntryPoint","urlTemplate":"https:\/\/zjkxm.wpdevsite.co\/?s={search_term_string}"},"query-input":{"@type":"PropertyValueSpecification","valueRequired":true,"valueName":"search_term_string"}}],"inLanguage":"en-ZA"},{"@type":"Organization","@id":"https:\/\/zjkxm.wpdevsite.co\/#organization","name":"i.colour.me","url":"https:\/\/zjkxm.wpdevsite.co\/","logo":{"@type":"ImageObject","inLanguage":"en-ZA","@id":"https:\/\/zjkxm.wpdevsite.co\/#\/schema\/logo\/image\/","url":"https:\/\/zjkxm.wpdevsite.co\/wp-content\/uploads\/2024\/04\/cropped-logo.png","contentUrl":"https:\/\/zjkxm.wpdevsite.co\/wp-content\/uploads\/2024\/04\/cropped-logo.png","width":1102,"height":250,"caption":"i.colour.me"},"image":{"@id":"https:\/\/zjkxm.wpdevsite.co\/#\/schema\/logo\/image\/"}}]}},"_links":{"self":[{"href":"https:\/\/zjkxm.wpdevsite.co\/index.php\/wp-json\/wp\/v2\/product\/431","targetHints":{"allow":["GET"]}}],"collection":[{"href":"https:\/\/zjkxm.wpdevsite.co\/index.php\/wp-json\/wp\/v2\/product"}],"about":[{"href":"https:\/\/zjkxm.wpdevsite.co\/index.php\/wp-json\/wp\/v2\/types\/product"}],"replies":[{"embeddable":true,"href":"https:\/\/zjkxm.wpdevsite.co\/index.php\/wp-json\/wp\/v2\/comments?post=431"}],"wp:featuredmedia":[{"embeddable":true,"href":"https:\/\/zjkxm.wpdevsite.co\/index.php\/wp-json\/wp\/v2\/media\/552"}],"wp:attachment":[{"href":"https:\/\/zjkxm.wpdevsite.co\/index.php\/wp-json\/wp\/v2\/media?parent=431"}],"wp:term":[{"taxonomy":"product_brand","embeddable":true,"href":"https:\/\/zjkxm.wpdevsite.co\/index.php\/wp-json\/wp\/v2\/product_brand?post=431"},{"taxonomy":"product_cat","embeddable":true,"href":"https:\/\/zjkxm.wpdevsite.co\/index.php\/wp-json\/wp\/v2\/product_cat?post=431"},{"taxonomy":"product_tag","embeddable":true,"href":"https:\/\/zjkxm.wpdevsite.co\/index.php\/wp-json\/wp\/v2\/product_tag?post=431"}],"curies":[{"name":"wp","href":"https:\/\/api.w.org\/{rel}","templated":true}]}}